{"id":3070,"date":"2022-12-01T11:05:22","date_gmt":"2022-12-01T03:05:22","guid":{"rendered":"https:\/\/hangzhou-garment.com\/?page_id=3070"},"modified":"2024-04-29T18:00:30","modified_gmt":"2024-04-29T10:00:30","slug":"news","status":"publish","type":"page","link":"https:\/\/hangzhou-garment.com\/de\/news\/","title":{"rendered":"Nachricht"},"content":{"rendered":"<div data-elementor-type=\"wp-page\" data-elementor-id=\"3070\" class=\"elementor elementor-3070\" data-elementor-post-type=\"page\">\n\t\t\t\t\t\t<section class=\"elementor-section elementor-top-section elementor-element elementor-element-6bdcb039 elementor-section-boxed elementor-section-height-default elementor-section-height-default\" data-id=\"6bdcb039\" data-element_type=\"section\" data-e-type=\"section\" data-settings=\"{&quot;background_background&quot;:&quot;classic&quot;}\">\n\t\t\t\t\t\t<div class=\"elementor-container elementor-column-gap-default\">\n\t\t\t\t\t<div class=\"elementor-column elementor-col-100 elementor-top-column elementor-element elementor-element-54c5601f\" data-id=\"54c5601f\" data-element_type=\"column\" data-e-type=\"column\">\n\t\t\t<div class=\"elementor-widget-wrap\">\n\t\t\t\t\t\t\t<\/div>\n\t\t<\/div>\n\t\t\t\t\t<\/div>\n\t\t<\/section>\n\t\t\t\t<section class=\"elementor-section elementor-top-section elementor-element elementor-element-6c62c78a elementor-section-boxed elementor-section-height-default elementor-section-height-default\" data-id=\"6c62c78a\" data-element_type=\"section\" data-e-type=\"section\">\n\t\t\t\t\t\t<div class=\"elementor-container elementor-column-gap-default\">\n\t\t\t\t\t<div class=\"elementor-column elementor-col-100 elementor-top-column elementor-element elementor-element-fc105da\" data-id=\"fc105da\" data-element_type=\"column\" data-e-type=\"column\" data-settings=\"{&quot;background_background&quot;:&quot;classic&quot;}\">\n\t\t\t<div class=\"elementor-widget-wrap elementor-element-populated\">\n\t\t\t\t\t\t<div class=\"elementor-element elementor-element-4626ac58 elementor-widget elementor-widget-heading\" data-id=\"4626ac58\" data-element_type=\"widget\" data-e-type=\"widget\" data-widget_type=\"heading.default\">\n\t\t\t\t<div class=\"elementor-widget-container\">\n\t\t\t\t\t<h1 class=\"elementor-heading-title elementor-size-default\">Nachricht<\/h1>\t\t\t\t<\/div>\n\t\t\t\t<\/div>\n\t\t\t\t<div class=\"elementor-element elementor-element-4f21530 elementor-widget elementor-widget-pp-breadcrumbs\" data-id=\"4f21530\" data-element_type=\"widget\" data-e-type=\"widget\" data-settings=\"{&quot;breadcrumbs_type&quot;:&quot;powerpack&quot;}\" data-widget_type=\"pp-breadcrumbs.default\">\n\t\t\t\t<div class=\"elementor-widget-container\">\n\t\t\t\t\t<ul class=\"pp-breadcrumbs pp-breadcrumbs-powerpack\">\t\t<li class=\"pp-breadcrumbs-item pp-breadcrumbs-item-home\">\n\t\t\t<a class=\"pp-breadcrumbs-crumb pp-breadcrumbs-crumb-link pp-breadcrumbs-crumb-home\" href=\"https:\/\/hangzhou-garment.com\/de\" title=\"Heim\">\n\t\t\t\t<span class=\"pp-breadcrumbs-text\">\n\t\t\t\t\t\t\t\t\t\tHeim\t\t\t\t<\/span>\n\t\t\t<\/a>\n\t\t<\/li>\n\t\t<li class=\"pp-breadcrumbs-separator\">\t\t\t\t<span class='pp-separator-icon pp-icon'>\n\t\t\t\t\t<i aria-hidden=\"true\" class=\"fas fa-angle-right\"><\/i>\t\t\t\t<\/span>\n\t\t\t\t<\/li><\/ul>\t\t\t\t<\/div>\n\t\t\t\t<\/div>\n\t\t\t\t\t<\/div>\n\t\t<\/div>\n\t\t\t\t\t<\/div>\n\t\t<\/section>\n\t\t\t\t<section class=\"elementor-section elementor-top-section elementor-element elementor-element-561ac6af elementor-section-boxed elementor-section-height-default elementor-section-height-default\" data-id=\"561ac6af\" data-element_type=\"section\" data-e-type=\"section\">\n\t\t\t\t\t\t<div class=\"elementor-container elementor-column-gap-default\">\n\t\t\t\t\t<div class=\"elementor-column elementor-col-100 elementor-top-column elementor-element elementor-element-7faed57d\" data-id=\"7faed57d\" data-element_type=\"column\" data-e-type=\"column\">\n\t\t\t<div class=\"elementor-widget-wrap elementor-element-populated\">\n\t\t\t\t\t\t<div class=\"elementor-element elementor-element-f2881d8 elementor-grid-3 elementor-grid-tablet-2 elementor-grid-mobile-1 elementor-widget elementor-widget-pp-posts\" data-id=\"f2881d8\" data-element_type=\"widget\" data-e-type=\"widget\" data-widget_type=\"pp-posts.classic\">\n\t\t\t\t<div class=\"elementor-widget-container\">\n\t\t\t\t\t\t\t<div class=\"pp-posts-container\">\n\t\t\t\n\t\t\t\t\t\t\t\t\t\t\n\t\t\t<div class=\"pp-posts pp-posts-skin-classic elementor-grid pp-posts-grid\" data-query-type=\"custom\" data-layout=\"grid\" data-page=\"3070\" data-skin=\"classic\">\n\t\t\t\t\t\t\t\t\t\t\t<div class=\"pp-post-wrap pp-grid-item-wrap elementor-grid-item post-3930 post type-post status-publish format-standard has-post-thumbnail hentry category-news\">\n\t\t\t\t\t\t<div class=\"pp-post pp-grid-item\">\n\t\t\t\t\t\t<div class=\"pp-post-thumbnail\">\n\t\t\t<a class=\"pp-post-thumbnail-wrap\" href=\"https:\/\/hangzhou-garment.com\/de\/we-celebrate-the-dragon-boat-festival\/\" title=\"Wir feiern das Drachenbootfest\">\n\t\t\t\t<img fetchpriority=\"high\" decoding=\"async\" width=\"768\" height=\"1024\" src=\"https:\/\/hangzhou-garment.com\/wp-content\/uploads\/2024\/06\/\u5fae\u4fe1\u56fe\u7247_20240613161632-768x1024.jpg\" class=\"attachment-large size-large wp-image-3931\" alt=\"\" srcset=\"https:\/\/hangzhou-garment.com\/wp-content\/uploads\/2024\/06\/\u5fae\u4fe1\u56fe\u7247_20240613161632-768x1024.jpg 768w, https:\/\/hangzhou-garment.com\/wp-content\/uploads\/2024\/06\/\u5fae\u4fe1\u56fe\u7247_20240613161632-225x300.jpg 225w, https:\/\/hangzhou-garment.com\/wp-content\/uploads\/2024\/06\/\u5fae\u4fe1\u56fe\u7247_20240613161632-1152x1536.jpg 1152w, https:\/\/hangzhou-garment.com\/wp-content\/uploads\/2024\/06\/\u5fae\u4fe1\u56fe\u7247_20240613161632-450x600.jpg 450w, https:\/\/hangzhou-garment.com\/wp-content\/uploads\/2024\/06\/\u5fae\u4fe1\u56fe\u7247_20240613161632.jpg 1280w\" sizes=\"(max-width: 768px) 100vw, 768px\" \/>\t\t\t<\/a>\n\t\t<\/div>\n\t\t\n\t\t\t\t\n\t\t\t\t<div class=\"pp-post-content-wrap\">\n\t\t\t\t\t<div class=\"pp-post-content\">\n\t\t\t\t\t\t\t\t\t\t\t\t<h2 class=\"pp-post-title\">\n\t\t\t\t<a href=\"https:\/\/hangzhou-garment.com\/de\/we-celebrate-the-dragon-boat-festival\/\">Wir feiern das Drachenbootfest<\/a>\t\t\t<\/h2>\n\t\t\t\t\t\t\t<div class=\"pp-post-excerpt\">\n\t\t\t<p>10. Juni 2024 Wir legen gro\u00dfen Wert auf eine gute Arbeitsatmosph\u00e4re f\u00fcr unsere Mitarbeiter und bieten ihnen M\u00f6glichkeiten zur Entspannung, damit sie sich voll und ganz auf ihre Arbeit konzentrieren und ihre Produktivit\u00e4t steigern k\u00f6nnen. Die gemeinsame Feier von Festen mit den Mitarbeitern ist eine unserer ...<\/p>\n\t\t<\/div>\n\t\t\t\t\t\t\t\t\t<\/div>\n\t\t\t\t\t\t\t\t<a class=\"pp-posts-button elementor-button elementor-size-sm\" href=\"https:\/\/hangzhou-garment.com\/de\/we-celebrate-the-dragon-boat-festival\/\" title=\"Wir feiern das Drachenbootfest\" aria-label=\"Read more about We celebrate the Dragon Boat Festival\">\n\t\t\t\t<span class=\"elementor-button-content-wrapper\">\n\t\t\t\t\t\t\t\t\t\t\t<span class=\"pp-button-text\">\n\t\t\t\t\t\t\tMehr lesen\t\t\t\t\t\t<\/span>\n\t\t\t\t\t\t\t\t<span class=\"pp-button-icon elementor-button-icon\">\n\t\t\t\t\t\t\t<\/span>\n\t\t\t\t\t\t\t<\/span>\n\t\t\t<\/a>\n\t\t\t\t\t\t<\/div>\n\n\t\t\t\t\t\t\t<\/div>\n\t\t\t\t\t<\/div>\n\t\t\t\t<div class=\"pp-post-wrap pp-grid-item-wrap elementor-grid-item post-3920 post type-post status-publish format-standard has-post-thumbnail hentry category-news\">\n\t\t\t\t\t\t<div class=\"pp-post pp-grid-item\">\n\t\t\t\t\t\t<div class=\"pp-post-thumbnail\">\n\t\t\t<a class=\"pp-post-thumbnail-wrap\" href=\"https:\/\/hangzhou-garment.com\/de\/guangzhou-hangzhou-garment-co-ltd-have-passed-bsci-smeta-audits\/\" title=\"Guangzhou Hangzhou Garment Co., Ltd. hat die BSCI- und SMETA-Audits bestanden\">\n\t\t\t\t<img decoding=\"async\" width=\"800\" height=\"478\" src=\"https:\/\/hangzhou-garment.com\/wp-content\/uploads\/2024\/05\/1716361949880-1024x612.png\" class=\"attachment-large size-large wp-image-3926\" alt=\"\" srcset=\"https:\/\/hangzhou-garment.com\/wp-content\/uploads\/2024\/05\/1716361949880-1024x612.png 1024w, https:\/\/hangzhou-garment.com\/wp-content\/uploads\/2024\/05\/1716361949880-300x179.png 300w, https:\/\/hangzhou-garment.com\/wp-content\/uploads\/2024\/05\/1716361949880-768x459.png 768w, https:\/\/hangzhou-garment.com\/wp-content\/uploads\/2024\/05\/1716361949880-600x358.png 600w, https:\/\/hangzhou-garment.com\/wp-content\/uploads\/2024\/05\/1716361949880.png 1090w\" sizes=\"(max-width: 800px) 100vw, 800px\" \/>\t\t\t<\/a>\n\t\t<\/div>\n\t\t\n\t\t\t\t\n\t\t\t\t<div class=\"pp-post-content-wrap\">\n\t\t\t\t\t<div class=\"pp-post-content\">\n\t\t\t\t\t\t\t\t\t\t\t\t<h2 class=\"pp-post-title\">\n\t\t\t\t<a href=\"https:\/\/hangzhou-garment.com\/de\/guangzhou-hangzhou-garment-co-ltd-have-passed-bsci-smeta-audits\/\">Guangzhou Hangzhou Garment Co., Ltd. hat die BSCI- und SMETA-Audits bestanden<\/a>\t\t\t<\/h2>\n\t\t\t\t\t\t\t<div class=\"pp-post-excerpt\">\n\t\t\t<p>Um den Anforderungen unserer europ\u00e4ischen Kunden gerecht zu werden, haben wir das BSCI- &amp; SMETA-Audit im Jahr 2019 bereits bestanden. BSCI: Business Social Standards Certification \u2013 vollst\u00e4ndiger Name Business Social Compliance Initiative, jetzt umbenannt in amfori BSCI (Global Trade Association. Die Business Community Accountability Initiative (\u201eBSCI\u201c) hat das Ziel \u2026<\/p>\n\t\t<\/div>\n\t\t\t\t\t\t\t\t\t<\/div>\n\t\t\t\t\t\t\t\t<a class=\"pp-posts-button elementor-button elementor-size-sm\" href=\"https:\/\/hangzhou-garment.com\/de\/guangzhou-hangzhou-garment-co-ltd-have-passed-bsci-smeta-audits\/\" title=\"Guangzhou Hangzhou Garment Co., Ltd. hat die BSCI- und SMETA-Audits bestanden\" aria-label=\"Read more about Guangzhou Hangzhou Garment Co., Ltd. have passed BSCI\u00a0&amp; SMETA Audits\">\n\t\t\t\t<span class=\"elementor-button-content-wrapper\">\n\t\t\t\t\t\t\t\t\t\t\t<span class=\"pp-button-text\">\n\t\t\t\t\t\t\tMehr lesen\t\t\t\t\t\t<\/span>\n\t\t\t\t\t\t\t\t<span class=\"pp-button-icon elementor-button-icon\">\n\t\t\t\t\t\t\t<\/span>\n\t\t\t\t\t\t\t<\/span>\n\t\t\t<\/a>\n\t\t\t\t\t\t<\/div>\n\n\t\t\t\t\t\t\t<\/div>\n\t\t\t\t\t<\/div>\n\t\t\t\t<div class=\"pp-post-wrap pp-grid-item-wrap elementor-grid-item post-3905 post type-post status-publish format-standard has-post-thumbnail hentry category-news\">\n\t\t\t\t\t\t<div class=\"pp-post pp-grid-item\">\n\t\t\t\t\t\t<div class=\"pp-post-thumbnail\">\n\t\t\t<a class=\"pp-post-thumbnail-wrap\" href=\"https:\/\/hangzhou-garment.com\/de\/celebrate-the-german-oktoberfest-in-china\/\" title=\"Feiern Sie das deutsche Oktoberfest in China\">\n\t\t\t\t<img decoding=\"async\" width=\"800\" height=\"600\" src=\"https:\/\/hangzhou-garment.com\/wp-content\/uploads\/2024\/05\/6c73ec10-f44d-4ab1-bb56-b899535af98b-1024x768.jpg\" class=\"attachment-large size-large wp-image-3912\" alt=\"\" srcset=\"https:\/\/hangzhou-garment.com\/wp-content\/uploads\/2024\/05\/6c73ec10-f44d-4ab1-bb56-b899535af98b-1024x768.jpg 1024w, https:\/\/hangzhou-garment.com\/wp-content\/uploads\/2024\/05\/6c73ec10-f44d-4ab1-bb56-b899535af98b-300x225.jpg 300w, https:\/\/hangzhou-garment.com\/wp-content\/uploads\/2024\/05\/6c73ec10-f44d-4ab1-bb56-b899535af98b-768x576.jpg 768w, https:\/\/hangzhou-garment.com\/wp-content\/uploads\/2024\/05\/6c73ec10-f44d-4ab1-bb56-b899535af98b-1536x1152.jpg 1536w, https:\/\/hangzhou-garment.com\/wp-content\/uploads\/2024\/05\/6c73ec10-f44d-4ab1-bb56-b899535af98b-2048x1536.jpg 2048w, https:\/\/hangzhou-garment.com\/wp-content\/uploads\/2024\/05\/6c73ec10-f44d-4ab1-bb56-b899535af98b-600x450.jpg 600w\" sizes=\"(max-width: 800px) 100vw, 800px\" \/>\t\t\t<\/a>\n\t\t<\/div>\n\t\t\n\t\t\t\t\n\t\t\t\t<div class=\"pp-post-content-wrap\">\n\t\t\t\t\t<div class=\"pp-post-content\">\n\t\t\t\t\t\t\t\t\t\t\t\t<h2 class=\"pp-post-title\">\n\t\t\t\t<a href=\"https:\/\/hangzhou-garment.com\/de\/celebrate-the-german-oktoberfest-in-china\/\">Feiern Sie das deutsche Oktoberfest in China<\/a>\t\t\t<\/h2>\n\t\t\t\t\t\t\t<div class=\"pp-post-excerpt\">\n\t\t\t<p>Am 16. September 2023, Ortszeit, begann in M\u00fcnchen, Deutschland, mit dem Ansto\u00df des ersten Fasses Bier durch den Oberb\u00fcrgermeister um 12 Uhr mit dem weltgr\u00f6\u00dften Bierfest, dem Oktoberfest, das auf der Theresienwiese bis zum 3. Oktober 2023 stattfindet. Unser Unternehmen und unsere deutschen Kunden feiern die Er\u00f6ffnung des j\u00e4hrlichen M\u00fcnchner Oktoberfests. ...<\/p>\n\t\t<\/div>\n\t\t\t\t\t\t\t\t\t<\/div>\n\t\t\t\t\t\t\t\t<a class=\"pp-posts-button elementor-button elementor-size-sm\" href=\"https:\/\/hangzhou-garment.com\/de\/celebrate-the-german-oktoberfest-in-china\/\" title=\"Feiern Sie das deutsche Oktoberfest in China\" aria-label=\"Read more about Celebrate the German Oktoberfest in China\">\n\t\t\t\t<span class=\"elementor-button-content-wrapper\">\n\t\t\t\t\t\t\t\t\t\t\t<span class=\"pp-button-text\">\n\t\t\t\t\t\t\tMehr lesen\t\t\t\t\t\t<\/span>\n\t\t\t\t\t\t\t\t<span class=\"pp-button-icon elementor-button-icon\">\n\t\t\t\t\t\t\t<\/span>\n\t\t\t\t\t\t\t<\/span>\n\t\t\t<\/a>\n\t\t\t\t\t\t<\/div>\n\n\t\t\t\t\t\t\t<\/div>\n\t\t\t\t\t<\/div>\n\t\t\t\t\t\t\t\t\t<\/div>\n\t\t\t\n\t\t\t\n\t\t\t\n\t\t\t\n\t\t\t\t\t\t\t\t\t\t\t<div class=\"pp-posts-pagination-wrap pp-posts-pagination-bottom\">\n\t\t\t\t\t\t\t\t<nav class=\"pp-posts-pagination pp-posts-pagination-ajax elementor-pagination\" role=\"navigation\" aria-label=\"Pagination\" data-total=\"2\">\n\t\t\t\t<span aria-current=\"page\" class=\"page-numbers current\">1<\/span>\n<a class=\"page-numbers\" href=\"https:\/\/hangzhou-garment.com\/wp-json\/wp\/v2\/pages\/3070\/page\/2\/\">2<\/a>\n<a class=\"next page-numbers\" href=\"https:\/\/hangzhou-garment.com\/wp-json\/wp\/v2\/pages\/3070\/page\/2\/\">N\u00e4chste &quot;<\/a>\t\t\t<\/nav>\n\t\t\t\t\t\t\t<\/div>\n\t\t\t\t\t\t\t\t\t<\/div>\n\n\t\t\n\t\t\t\t\t\t<\/div>\n\t\t\t\t<\/div>\n\t\t\t\t\t<\/div>\n\t\t<\/div>\n\t\t\t\t\t<\/div>\n\t\t<\/section>\n\t\t\t\t<\/div>","protected":false},"excerpt":{"rendered":"<p>News Home news test news testnews testnews testnews testnews testnews &#8230; Read More<\/p>","protected":false},"author":2,"featured_media":0,"parent":0,"menu_order":0,"comment_status":"closed","ping_status":"closed","template":"","meta":{"two_page_speed":[],"footnotes":""},"class_list":["post-3070","page","type-page","status-publish","hentry"],"acf":[],"yoast_head":"<!-- This site is optimized with the Yoast SEO plugin v23.9 - https:\/\/yoast.com\/wordpress\/plugins\/seo\/ -->\n<title>News - HangZhou<\/title>\n<meta name=\"robots\" content=\"index, follow, max-snippet:-1, max-image-preview:large, max-video-preview:-1\" \/>\n<link rel=\"canonical\" href=\"https:\/\/hangzhou-garment.com\/de\/news\/\" \/>\n<meta property=\"og:locale\" content=\"de_DE\" \/>\n<meta property=\"og:type\" content=\"article\" \/>\n<meta property=\"og:title\" content=\"News - HangZhou\" \/>\n<meta property=\"og:description\" content=\"News Home news test news testnews testnews testnews testnews testnews &#8230; Read More\" \/>\n<meta property=\"og:url\" content=\"https:\/\/hangzhou-garment.com\/de\/news\/\" \/>\n<meta property=\"og:site_name\" content=\"HangZhou\" \/>\n<meta property=\"article:modified_time\" content=\"2024-04-29T10:00:30+00:00\" \/>\n<meta property=\"og:image\" content=\"https:\/\/hangzhou-garment.com\/wp-content\/uploads\/2022\/11\/crowd-1024x683.jpeg\" \/>\n<meta name=\"twitter:card\" content=\"summary_large_image\" \/>\n<meta name=\"twitter:label1\" content=\"Gesch\u00e4tzte Lesezeit\" \/>\n\t<meta name=\"twitter:data1\" content=\"1\u00a0Minute\" \/>\n<script type=\"application\/ld+json\" class=\"yoast-schema-graph\">{\"@context\":\"https:\/\/schema.org\",\"@graph\":[{\"@type\":\"WebPage\",\"@id\":\"https:\/\/hangzhou-garment.com\/news\/\",\"url\":\"https:\/\/hangzhou-garment.com\/news\/\",\"name\":\"News - HangZhou\",\"isPartOf\":{\"@id\":\"https:\/\/hangzhou-garment.com\/#website\"},\"primaryImageOfPage\":{\"@id\":\"https:\/\/hangzhou-garment.com\/news\/#primaryimage\"},\"image\":{\"@id\":\"https:\/\/hangzhou-garment.com\/news\/#primaryimage\"},\"thumbnailUrl\":\"https:\/\/hangzhou-garment.com\/wp-content\/uploads\/2022\/11\/crowd-1024x683.jpeg\",\"datePublished\":\"2022-12-01T03:05:22+00:00\",\"dateModified\":\"2024-04-29T10:00:30+00:00\",\"breadcrumb\":{\"@id\":\"https:\/\/hangzhou-garment.com\/news\/#breadcrumb\"},\"inLanguage\":\"de\",\"potentialAction\":[{\"@type\":\"ReadAction\",\"target\":[\"https:\/\/hangzhou-garment.com\/news\/\"]}]},{\"@type\":\"ImageObject\",\"inLanguage\":\"de\",\"@id\":\"https:\/\/hangzhou-garment.com\/news\/#primaryimage\",\"url\":\"https:\/\/hangzhou-garment.com\/wp-content\/uploads\/2022\/11\/crowd-1024x683.jpeg\",\"contentUrl\":\"https:\/\/hangzhou-garment.com\/wp-content\/uploads\/2022\/11\/crowd-1024x683.jpeg\"},{\"@type\":\"BreadcrumbList\",\"@id\":\"https:\/\/hangzhou-garment.com\/news\/#breadcrumb\",\"itemListElement\":[{\"@type\":\"ListItem\",\"position\":1,\"name\":\"\u9996\u9875\",\"item\":\"https:\/\/hangzhou-garment.com\/\"},{\"@type\":\"ListItem\",\"position\":2,\"name\":\"News\"}]},{\"@type\":\"WebSite\",\"@id\":\"https:\/\/hangzhou-garment.com\/#website\",\"url\":\"https:\/\/hangzhou-garment.com\/\",\"name\":\"HangZhou\",\"description\":\"\",\"potentialAction\":[{\"@type\":\"SearchAction\",\"target\":{\"@type\":\"EntryPoint\",\"urlTemplate\":\"https:\/\/hangzhou-garment.com\/?s={search_term_string}\"},\"query-input\":{\"@type\":\"PropertyValueSpecification\",\"valueRequired\":true,\"valueName\":\"search_term_string\"}}],\"inLanguage\":\"de\"}]}<\/script>\n<!-- \/ Yoast SEO plugin. -->","yoast_head_json":{"title":"News - HangZhou","robots":{"index":"index","follow":"follow","max-snippet":"max-snippet:-1","max-image-preview":"max-image-preview:large","max-video-preview":"max-video-preview:-1"},"canonical":"https:\/\/hangzhou-garment.com\/de\/news\/","og_locale":"de_DE","og_type":"article","og_title":"News - HangZhou","og_description":"News Home news test news testnews testnews testnews testnews testnews &#8230; Read More","og_url":"https:\/\/hangzhou-garment.com\/de\/news\/","og_site_name":"HangZhou","article_modified_time":"2024-04-29T10:00:30+00:00","og_image":[{"url":"https:\/\/hangzhou-garment.com\/wp-content\/uploads\/2022\/11\/crowd-1024x683.jpeg"}],"twitter_card":"summary_large_image","twitter_misc":{"Gesch\u00e4tzte Lesezeit":"1\u00a0Minute"},"schema":{"@context":"https:\/\/schema.org","@graph":[{"@type":"WebPage","@id":"https:\/\/hangzhou-garment.com\/news\/","url":"https:\/\/hangzhou-garment.com\/news\/","name":"News - HangZhou","isPartOf":{"@id":"https:\/\/hangzhou-garment.com\/#website"},"primaryImageOfPage":{"@id":"https:\/\/hangzhou-garment.com\/news\/#primaryimage"},"image":{"@id":"https:\/\/hangzhou-garment.com\/news\/#primaryimage"},"thumbnailUrl":"https:\/\/hangzhou-garment.com\/wp-content\/uploads\/2022\/11\/crowd-1024x683.jpeg","datePublished":"2022-12-01T03:05:22+00:00","dateModified":"2024-04-29T10:00:30+00:00","breadcrumb":{"@id":"https:\/\/hangzhou-garment.com\/news\/#breadcrumb"},"inLanguage":"de","potentialAction":[{"@type":"ReadAction","target":["https:\/\/hangzhou-garment.com\/news\/"]}]},{"@type":"ImageObject","inLanguage":"de","@id":"https:\/\/hangzhou-garment.com\/news\/#primaryimage","url":"https:\/\/hangzhou-garment.com\/wp-content\/uploads\/2022\/11\/crowd-1024x683.jpeg","contentUrl":"https:\/\/hangzhou-garment.com\/wp-content\/uploads\/2022\/11\/crowd-1024x683.jpeg"},{"@type":"BreadcrumbList","@id":"https:\/\/hangzhou-garment.com\/news\/#breadcrumb","itemListElement":[{"@type":"ListItem","position":1,"name":"\u9996\u9875","item":"https:\/\/hangzhou-garment.com\/"},{"@type":"ListItem","position":2,"name":"News"}]},{"@type":"WebSite","@id":"https:\/\/hangzhou-garment.com\/#website","url":"https:\/\/hangzhou-garment.com\/","name":"HangZhou","description":"","potentialAction":[{"@type":"SearchAction","target":{"@type":"EntryPoint","urlTemplate":"https:\/\/hangzhou-garment.com\/?s={search_term_string}"},"query-input":{"@type":"PropertyValueSpecification","valueRequired":true,"valueName":"search_term_string"}}],"inLanguage":"de"}]}},"_links":{"self":[{"href":"https:\/\/hangzhou-garment.com\/de\/wp-json\/wp\/v2\/pages\/3070","targetHints":{"allow":["GET"]}}],"collection":[{"href":"https:\/\/hangzhou-garment.com\/de\/wp-json\/wp\/v2\/pages"}],"about":[{"href":"https:\/\/hangzhou-garment.com\/de\/wp-json\/wp\/v2\/types\/page"}],"author":[{"embeddable":true,"href":"https:\/\/hangzhou-garment.com\/de\/wp-json\/wp\/v2\/users\/2"}],"replies":[{"embeddable":true,"href":"https:\/\/hangzhou-garment.com\/de\/wp-json\/wp\/v2\/comments?post=3070"}],"version-history":[{"count":0,"href":"https:\/\/hangzhou-garment.com\/de\/wp-json\/wp\/v2\/pages\/3070\/revisions"}],"wp:attachment":[{"href":"https:\/\/hangzhou-garment.com\/de\/wp-json\/wp\/v2\/media?parent=3070"}],"curies":[{"name":"wp","href":"https:\/\/api.w.org\/{rel}","templated":true}]}}