{"id":4248,"date":"2025-03-21T11:34:38","date_gmt":"2025-03-21T03:34:38","guid":{"rendered":"https:\/\/hangzhou-garment.com\/?post_type=product&#038;p=4248"},"modified":"2025-03-21T15:36:40","modified_gmt":"2025-03-21T07:36:40","slug":"formal-wear-for-children","status":"publish","type":"product","link":"https:\/\/hangzhou-garment.com\/de\/product\/formal-wear-for-children\/","title":{"rendered":"Abendkleider"},"content":{"rendered":"<p>Eine beliebte Wahl f\u00fcr M\u00e4dchen, elegant und perfekt f\u00fcr formelle Anl\u00e4sse.<\/p>\n\n\n\n<p>Abendgarderobe f\u00fcr Kinder<\/p>\n\n\n\n<p><\/p>","protected":false},"excerpt":{"rendered":"<p>Eine beliebte Wahl f\u00fcr M\u00e4dchen, elegant und perfekt f\u00fcr formelle Anl\u00e4sse. Abendgarderobe f\u00fcr Kinder<\/p>","protected":false},"featured_media":4250,"template":"","meta":[],"product_categories":[49],"class_list":["post-4248","product","type-product","status-publish","has-post-thumbnail","hentry","product_categories-party-dress"],"acf":[],"yoast_head":"<!-- This site is optimized with the Yoast SEO plugin v23.9 - https:\/\/yoast.com\/wordpress\/plugins\/seo\/ -->\n<title>Evening gowns - HangZhou<\/title>\n<meta name=\"robots\" content=\"index, follow, max-snippet:-1, max-image-preview:large, max-video-preview:-1\" \/>\n<link rel=\"canonical\" href=\"https:\/\/hangzhou-garment.com\/de\/product\/formal-wear-for-children\/\" \/>\n<meta property=\"og:locale\" content=\"de_DE\" \/>\n<meta property=\"og:type\" content=\"article\" \/>\n<meta property=\"og:title\" content=\"Evening gowns - HangZhou\" \/>\n<meta property=\"og:description\" content=\"A common choice for girls, elegant and perfect for formal events. Formal Wear For Children\" \/>\n<meta property=\"og:url\" content=\"https:\/\/hangzhou-garment.com\/de\/product\/formal-wear-for-children\/\" \/>\n<meta property=\"og:site_name\" content=\"HangZhou\" \/>\n<meta property=\"article:modified_time\" content=\"2025-03-21T07:36:40+00:00\" \/>\n<meta property=\"og:image\" content=\"https:\/\/hangzhou-garment.com\/wp-content\/uploads\/2025\/03\/Childrens-dress.png\" \/>\n\t<meta property=\"og:image:width\" content=\"454\" \/>\n\t<meta property=\"og:image:height\" content=\"454\" \/>\n\t<meta property=\"og:image:type\" content=\"image\/png\" \/>\n<meta name=\"twitter:card\" content=\"summary_large_image\" \/>\n<meta name=\"twitter:label1\" content=\"Gesch\u00e4tzte Lesezeit\" \/>\n\t<meta name=\"twitter:data1\" content=\"1\u00a0Minute\" \/>\n<script type=\"application\/ld+json\" class=\"yoast-schema-graph\">{\"@context\":\"https:\/\/schema.org\",\"@graph\":[{\"@type\":\"WebPage\",\"@id\":\"https:\/\/hangzhou-garment.com\/product\/formal-wear-for-children\/\",\"url\":\"https:\/\/hangzhou-garment.com\/product\/formal-wear-for-children\/\",\"name\":\"Evening gowns - HangZhou\",\"isPartOf\":{\"@id\":\"https:\/\/hangzhou-garment.com\/#website\"},\"primaryImageOfPage\":{\"@id\":\"https:\/\/hangzhou-garment.com\/product\/formal-wear-for-children\/#primaryimage\"},\"image\":{\"@id\":\"https:\/\/hangzhou-garment.com\/product\/formal-wear-for-children\/#primaryimage\"},\"thumbnailUrl\":\"https:\/\/hangzhou-garment.com\/wp-content\/uploads\/2025\/03\/Childrens-dress.png\",\"datePublished\":\"2025-03-21T03:34:38+00:00\",\"dateModified\":\"2025-03-21T07:36:40+00:00\",\"breadcrumb\":{\"@id\":\"https:\/\/hangzhou-garment.com\/product\/formal-wear-for-children\/#breadcrumb\"},\"inLanguage\":\"de\",\"potentialAction\":[{\"@type\":\"ReadAction\",\"target\":[\"https:\/\/hangzhou-garment.com\/product\/formal-wear-for-children\/\"]}]},{\"@type\":\"ImageObject\",\"inLanguage\":\"de\",\"@id\":\"https:\/\/hangzhou-garment.com\/product\/formal-wear-for-children\/#primaryimage\",\"url\":\"https:\/\/hangzhou-garment.com\/wp-content\/uploads\/2025\/03\/Childrens-dress.png\",\"contentUrl\":\"https:\/\/hangzhou-garment.com\/wp-content\/uploads\/2025\/03\/Childrens-dress.png\",\"width\":454,\"height\":454},{\"@type\":\"BreadcrumbList\",\"@id\":\"https:\/\/hangzhou-garment.com\/product\/formal-wear-for-children\/#breadcrumb\",\"itemListElement\":[{\"@type\":\"ListItem\",\"position\":1,\"name\":\"\u9996\u9875\",\"item\":\"https:\/\/hangzhou-garment.com\/\"},{\"@type\":\"ListItem\",\"position\":2,\"name\":\"Product\",\"item\":\"https:\/\/hz.10web.me\/product\/\"},{\"@type\":\"ListItem\",\"position\":3,\"name\":\"Evening gowns\"}]},{\"@type\":\"WebSite\",\"@id\":\"https:\/\/hangzhou-garment.com\/#website\",\"url\":\"https:\/\/hangzhou-garment.com\/\",\"name\":\"HangZhou\",\"description\":\"\",\"potentialAction\":[{\"@type\":\"SearchAction\",\"target\":{\"@type\":\"EntryPoint\",\"urlTemplate\":\"https:\/\/hangzhou-garment.com\/?s={search_term_string}\"},\"query-input\":{\"@type\":\"PropertyValueSpecification\",\"valueRequired\":true,\"valueName\":\"search_term_string\"}}],\"inLanguage\":\"de\"}]}<\/script>\n<!-- \/ Yoast SEO plugin. -->","yoast_head_json":{"title":"Evening gowns - HangZhou","robots":{"index":"index","follow":"follow","max-snippet":"max-snippet:-1","max-image-preview":"max-image-preview:large","max-video-preview":"max-video-preview:-1"},"canonical":"https:\/\/hangzhou-garment.com\/de\/product\/formal-wear-for-children\/","og_locale":"de_DE","og_type":"article","og_title":"Evening gowns - HangZhou","og_description":"A common choice for girls, elegant and perfect for formal events. Formal Wear For Children","og_url":"https:\/\/hangzhou-garment.com\/de\/product\/formal-wear-for-children\/","og_site_name":"HangZhou","article_modified_time":"2025-03-21T07:36:40+00:00","og_image":[{"width":454,"height":454,"url":"https:\/\/hangzhou-garment.com\/wp-content\/uploads\/2025\/03\/Childrens-dress.png","type":"image\/png"}],"twitter_card":"summary_large_image","twitter_misc":{"Gesch\u00e4tzte Lesezeit":"1\u00a0Minute"},"schema":{"@context":"https:\/\/schema.org","@graph":[{"@type":"WebPage","@id":"https:\/\/hangzhou-garment.com\/product\/formal-wear-for-children\/","url":"https:\/\/hangzhou-garment.com\/product\/formal-wear-for-children\/","name":"Evening gowns - HangZhou","isPartOf":{"@id":"https:\/\/hangzhou-garment.com\/#website"},"primaryImageOfPage":{"@id":"https:\/\/hangzhou-garment.com\/product\/formal-wear-for-children\/#primaryimage"},"image":{"@id":"https:\/\/hangzhou-garment.com\/product\/formal-wear-for-children\/#primaryimage"},"thumbnailUrl":"https:\/\/hangzhou-garment.com\/wp-content\/uploads\/2025\/03\/Childrens-dress.png","datePublished":"2025-03-21T03:34:38+00:00","dateModified":"2025-03-21T07:36:40+00:00","breadcrumb":{"@id":"https:\/\/hangzhou-garment.com\/product\/formal-wear-for-children\/#breadcrumb"},"inLanguage":"de","potentialAction":[{"@type":"ReadAction","target":["https:\/\/hangzhou-garment.com\/product\/formal-wear-for-children\/"]}]},{"@type":"ImageObject","inLanguage":"de","@id":"https:\/\/hangzhou-garment.com\/product\/formal-wear-for-children\/#primaryimage","url":"https:\/\/hangzhou-garment.com\/wp-content\/uploads\/2025\/03\/Childrens-dress.png","contentUrl":"https:\/\/hangzhou-garment.com\/wp-content\/uploads\/2025\/03\/Childrens-dress.png","width":454,"height":454},{"@type":"BreadcrumbList","@id":"https:\/\/hangzhou-garment.com\/product\/formal-wear-for-children\/#breadcrumb","itemListElement":[{"@type":"ListItem","position":1,"name":"\u9996\u9875","item":"https:\/\/hangzhou-garment.com\/"},{"@type":"ListItem","position":2,"name":"Product","item":"https:\/\/hz.10web.me\/product\/"},{"@type":"ListItem","position":3,"name":"Evening gowns"}]},{"@type":"WebSite","@id":"https:\/\/hangzhou-garment.com\/#website","url":"https:\/\/hangzhou-garment.com\/","name":"HangZhou","description":"","potentialAction":[{"@type":"SearchAction","target":{"@type":"EntryPoint","urlTemplate":"https:\/\/hangzhou-garment.com\/?s={search_term_string}"},"query-input":{"@type":"PropertyValueSpecification","valueRequired":true,"valueName":"search_term_string"}}],"inLanguage":"de"}]}},"_links":{"self":[{"href":"https:\/\/hangzhou-garment.com\/de\/wp-json\/wp\/v2\/product\/4248","targetHints":{"allow":["GET"]}}],"collection":[{"href":"https:\/\/hangzhou-garment.com\/de\/wp-json\/wp\/v2\/product"}],"about":[{"href":"https:\/\/hangzhou-garment.com\/de\/wp-json\/wp\/v2\/types\/product"}],"version-history":[{"count":0,"href":"https:\/\/hangzhou-garment.com\/de\/wp-json\/wp\/v2\/product\/4248\/revisions"}],"wp:featuredmedia":[{"embeddable":true,"href":"https:\/\/hangzhou-garment.com\/de\/wp-json\/wp\/v2\/media\/4250"}],"wp:attachment":[{"href":"https:\/\/hangzhou-garment.com\/de\/wp-json\/wp\/v2\/media?parent=4248"}],"wp:term":[{"taxonomy":"product_categories","embeddable":true,"href":"https:\/\/hangzhou-garment.com\/de\/wp-json\/wp\/v2\/product_categories?post=4248"}],"curies":[{"name":"wp","href":"https:\/\/api.w.org\/{rel}","templated":true}]}}